{"id":452,"date":"2022-02-12T10:06:01","date_gmt":"2022-02-12T09:06:01","guid":{"rendered":"https:\/\/www.centrosophia.eu\/web\/?page_id=452"},"modified":"2022-02-24T09:55:42","modified_gmt":"2022-02-24T08:55:42","slug":"logopedia","status":"publish","type":"page","link":"https:\/\/www.centrosophia.eu\/web\/index.php\/logopedia\/","title":{"rendered":"Logopedia"},"content":{"rendered":"\t\t<div data-elementor-type=\"wp-page\" data-elementor-id=\"452\" class=\"elementor elementor-452\" data-elementor-settings=\"[]\">\n\t\t\t\t\t\t<div class=\"elementor-inner\">\n\t\t\t\t\t\t\t<div class=\"elementor-section-wrap\">\n\t\t\t\t\t\t\t<section class=\"elementor-section elementor-top-section elementor-element elementor-element-d315d0b elementor-section-boxed elementor-section-height-default elementor-section-height-default\" data-id=\"d315d0b\" data-element_type=\"section\">\n\t\t\t\t\t\t<div class=\"elementor-container elementor-column-gap-default\">\n\t\t\t\t\t\t\t<div class=\"elementor-row\">\n\t\t\t\t\t<div class=\"elementor-column elementor-col-100 elementor-top-column elementor-element elementor-element-fafff13\" data-id=\"fafff13\" data-element_type=\"column\">\n\t\t\t<div class=\"elementor-column-wrap elementor-element-populated\">\n\t\t\t\t\t\t\t<div class=\"elementor-widget-wrap\">\n\t\t\t\t\t\t<div class=\"elementor-element elementor-element-09d8144 elementor-widget elementor-widget-text-editor\" data-id=\"09d8144\" data-element_type=\"widget\" data-widget_type=\"text-editor.default\">\n\t\t\t\t<div class=\"elementor-widget-container\">\n\t\t\t\t\t<div class=\"elementor-text-editor elementor-clearfix\"><p style=\"text-align: justify;\"><span style=\"font-weight: 400;\">Il Centro Ambulatoriale \u201c<span style=\"color: #ff0000;\">SOPHIA<\/span>\u201d eroga prestazioni di&nbsp; <strong>LOGOPEDIA<\/strong> che sono rivolte a soggetti che presentano disturbi della voce, della comunicazione, del linguaggio, della deglutizione e dell&#8217;apprendimento. Un gruppo di <strong>LOGOPEDISTI<\/strong> \u00e8 pronto ad accogliervi e accompagnarvi lungo tutto il percorso riabilitativo: dalla valutazione all&#8217;attuazione e verifica dell\u2019intervento individualizzato secondo obiettivi specifici.&nbsp;<\/span><\/p>\n<p style=\"text-align: justify;\"><span style=\"font-weight: 400;\">La presa in carico tiene conto dei bisogni del soggetto, delle sue difficolt\u00e0 e potenzialit\u00e0 ed ha lo scopo di abilitare\/riabilitare le funzioni deficitarie.&nbsp;<\/span><\/p>\n<p style=\"text-align: justify;\"><b>Con i bambini il GIOCO<\/b><span style=\"font-weight: 400;\"> \u00e8 il canale attraverso il quale promuoviamo esperienze di apprendimento associate a emozioni positive quali il divertimento e la serenit\u00e0.&nbsp;<\/span><\/p><p style=\"text-align: justify;\"><b>Con gli adulti il trattamento<\/b><span style=\"font-weight: 400;\"> mira a sostenere e implementare le abilit\u00e0 presenti al fine di migliorare la qualit\u00e0 di vita.&nbsp;<\/span><\/p><p style=\"text-align: justify;\"><span style=\"font-weight: 400;\">Effettuiamo periodicamente Corsi di Formazione di base e specialistici (CAA, Metodo PROMPT, ORAL MOTOR THERAPY, Metodo FEUERSTEIN) per essere sempre aggiornati e garantire un servizio di qualit\u00e0 in grado di rispondere alle diverse esigenze dei nostri utenti.<\/span><\/p>\n<p class=\"LC20lb MBeuO DKV0Md\" style=\"text-align: justify;\"><span style=\"font-weight: 400; font-size: 12pt; font-family: helvetica, arial, sans-serif;\">La Logopedia \u00e8 la disciplina che si occupa della prevenzione, valutazione e trattamento dei seguenti disturbi:<\/span><\/p>\n<ul style=\"text-align: justify;\">\n<li style=\"font-weight: 400;\" aria-level=\"1\"><span style=\"font-weight: 400; font-size: 12pt; font-family: helvetica, arial, sans-serif;\">Disturbi della voce<\/span><\/li>\n<li style=\"font-weight: 400;\" aria-level=\"1\"><span style=\"font-weight: 400; font-size: 12pt; font-family: helvetica, arial, sans-serif;\">Disturbi del linguaggio<\/span><\/li>\n<li style=\"font-weight: 400;\" aria-level=\"1\"><span style=\"font-weight: 400; font-size: 12pt; font-family: helvetica, arial, sans-serif;\">Disturbi della comunicazione&nbsp;<\/span><\/li>\n<li style=\"font-weight: 400;\" aria-level=\"1\"><span style=\"font-weight: 400; font-size: 12pt; font-family: helvetica, arial, sans-serif;\">Disturbi della deglutizione<\/span><\/li>\n<li style=\"font-weight: 400;\" aria-level=\"1\"><span style=\"font-weight: 400; font-size: 12pt; font-family: helvetica, arial, sans-serif;\">Disturbi Specifici dell\u2019Apprendimento&nbsp;<\/span><\/li>\n<\/ul>\n<p style=\"text-align: justify;\"><span style=\"font-weight: 400; font-size: 12pt; font-family: helvetica, arial, sans-serif;\">Tali disturbi possono presentarsi in et\u00e0 evolutiva, adulta e geriatrica, in modo isolato o all\u2019interno di quadri clinici pi\u00f9 complessi:<\/span><\/p>\n<ul style=\"text-align: justify;\">\n<li style=\"font-weight: 400;\" aria-level=\"1\"><span style=\"font-weight: 400; font-size: 12pt; font-family: helvetica, arial, sans-serif;\">Disturbo dello Spettro Autistico<\/span><\/li>\n<li style=\"font-weight: 400;\" aria-level=\"1\"><span style=\"font-weight: 400; font-size: 12pt; font-family: helvetica, arial, sans-serif;\">Sindromi genetiche<\/span><\/li>\n<li style=\"font-weight: 400;\" aria-level=\"1\"><span style=\"font-weight: 400; font-size: 12pt; font-family: helvetica, arial, sans-serif;\">Malattie neurologiche congenite o acquisite<\/span><\/li>\n<li style=\"font-weight: 400;\" aria-level=\"1\"><span style=\"font-weight: 400; font-size: 12pt; font-family: helvetica, arial, sans-serif;\">Sordit\u00e0<\/span><\/li>\n<li style=\"font-weight: 400;\" aria-level=\"1\"><span style=\"font-weight: 400; font-size: 12pt; font-family: helvetica, arial, sans-serif;\">Disabilit\u00e0 intellettiva<\/span><\/li>\n<li style=\"font-weight: 400;\" aria-level=\"1\"><span style=\"font-weight: 400; font-size: 12pt; font-family: helvetica, arial, sans-serif;\">Disturbo da deficit di attenzione\/iperattivit\u00e0 (ADHD)<\/span><\/li>\n<\/ul>\n<p style=\"text-align: justify;\"><span style=\"font-weight: 400; font-size: 12pt; font-family: helvetica, arial, sans-serif;\">Il LOGOPEDISTA svolge la propria attivit\u00e0 professionale all\u2019interno di un\u2019equipe multidisciplinare che comprende varie figure mediche e riabilitative. La presa in carico prevede diverse fasi. In primo luogo si effettua un\u2019accurata anamnesi, ovvero una raccolta di tutte le informazioni che possono contribuire all\u2019inquadramento del disturbo, poi segue una prima osservazione. Se si rilevano dei fattori indicativi di un rischio, ritardo o disturbo si procede alla valutazione specifica degli aspetti comunicativi e linguistici. Successivamente si elabora un progetto d\u2019intervento individualizzato che tiene conto dei bisogni del soggetto, delle sue difficolt\u00e0 e soprattutto potenzialit\u00e0. Il progetto riabilitativo \u00e8 soggetto a verifiche periodiche al fine di valutare il raggiungimento o la rimodulazione degli obiettivi specifici.<\/span><\/p>\n<p style=\"text-align: justify;\"><span style=\"font-weight: 400; font-size: 12pt; font-family: helvetica, arial, sans-serif;\">&nbsp;<\/span><\/p><\/div>\n\t\t\t\t<\/div>\n\t\t\t\t<\/div>\n\t\t\t\t\t\t<\/div>\n\t\t\t\t\t<\/div>\n\t\t<\/div>\n\t\t\t\t\t\t\t\t<\/div>\n\t\t\t\t\t<\/div>\n\t\t<\/section>\n\t\t\t\t\t\t<\/div>\n\t\t\t\t\t\t<\/div>\n\t\t\t\t\t<\/div>\n\t\t","protected":false},"excerpt":{"rendered":"<p>Il Centro Ambulatoriale \u201cSOPHIA\u201d eroga prestazioni di&nbsp; LOGOPEDIA che sono rivolte a soggetti che presentano disturbi della voce, della comunicazione, del linguaggio, della deglutizione e dell&#8217;apprendimento. Un gruppo di LOGOPEDISTI \u00e8 pronto ad accogliervi e accompagnarvi lungo tutto il percorso riabilitativo: dalla valutazione all&#8217;attuazione e verifica dell\u2019intervento individualizzato secondo obiettivi specifici.&nbsp; La presa in carico tiene conto dei bisogni del soggetto, delle sue difficolt\u00e0 e potenzialit\u00e0 ed ha lo scopo di abilitare\/riabilitare le funzioni deficitarie.&nbsp; Con i bambini il GIOCO \u00e8 il canale attraverso il quale promuoviamo esperienze di apprendimento associate a emozioni positive quali il divertimento e la serenit\u00e0.&nbsp;&#8230; <\/p>\n","protected":false},"author":1,"featured_media":0,"parent":0,"menu_order":0,"comment_status":"closed","ping_status":"closed","template":"","meta":[],"_links":{"self":[{"href":"https:\/\/www.centrosophia.eu\/web\/index.php\/wp-json\/wp\/v2\/pages\/452"}],"collection":[{"href":"https:\/\/www.centrosophia.eu\/web\/index.php\/wp-json\/wp\/v2\/pages"}],"about":[{"href":"https:\/\/www.centrosophia.eu\/web\/index.php\/wp-json\/wp\/v2\/types\/page"}],"author":[{"embeddable":true,"href":"https:\/\/www.centrosophia.eu\/web\/index.php\/wp-json\/wp\/v2\/users\/1"}],"replies":[{"embeddable":true,"href":"https:\/\/www.centrosophia.eu\/web\/index.php\/wp-json\/wp\/v2\/comments?post=452"}],"version-history":[{"count":18,"href":"https:\/\/www.centrosophia.eu\/web\/index.php\/wp-json\/wp\/v2\/pages\/452\/revisions"}],"predecessor-version":[{"id":572,"href":"https:\/\/www.centrosophia.eu\/web\/index.php\/wp-json\/wp\/v2\/pages\/452\/revisions\/572"}],"wp:attachment":[{"href":"https:\/\/www.centrosophia.eu\/web\/index.php\/wp-json\/wp\/v2\/media?parent=452"}],"curies":[{"name":"wp","href":"https:\/\/api.w.org\/{rel}","templated":true}]}}