{"id":348,"date":"2022-02-05T19:06:57","date_gmt":"2022-02-05T18:06:57","guid":{"rendered":"https:\/\/www.centrosophia.eu\/web\/?page_id=348"},"modified":"2022-06-15T15:28:53","modified_gmt":"2022-06-15T13:28:53","slug":"certificazioni","status":"publish","type":"page","link":"https:\/\/www.centrosophia.eu\/web\/index.php\/certificazioni\/","title":{"rendered":"Certificazioni"},"content":{"rendered":"\t\t<div data-elementor-type=\"wp-page\" data-elementor-id=\"348\" class=\"elementor elementor-348\" data-elementor-settings=\"[]\">\n\t\t\t\t\t\t<div class=\"elementor-inner\">\n\t\t\t\t\t\t\t<div class=\"elementor-section-wrap\">\n\t\t\t\t\t\t\t<section class=\"elementor-section elementor-top-section elementor-element elementor-element-bab83b9 elementor-section-boxed elementor-section-height-default elementor-section-height-default\" data-id=\"bab83b9\" data-element_type=\"section\">\n\t\t\t\t\t\t<div class=\"elementor-container elementor-column-gap-default\">\n\t\t\t\t\t\t\t<div class=\"elementor-row\">\n\t\t\t\t\t<div class=\"elementor-column elementor-col-33 elementor-top-column elementor-element elementor-element-4a76b42\" data-id=\"4a76b42\" data-element_type=\"column\">\n\t\t\t<div class=\"elementor-column-wrap elementor-element-populated\">\n\t\t\t\t\t\t\t<div class=\"elementor-widget-wrap\">\n\t\t\t\t\t\t<div class=\"elementor-element elementor-element-1ce64cf elementor-widget elementor-widget-image\" data-id=\"1ce64cf\" data-element_type=\"widget\" data-widget_type=\"image.default\">\n\t\t\t\t<div class=\"elementor-widget-container\">\n\t\t\t\t\t<div class=\"elementor-image\">\n\t\t\t\t\t\t\t\t\t\t<img width=\"768\" height=\"1042\" src=\"https:\/\/www.centrosophia.eu\/web\/wp-content\/uploads\/2022\/03\/icim-certificato-768x1042.png\" class=\"attachment-medium_large size-medium_large\" alt=\"\" loading=\"lazy\" srcset=\"https:\/\/www.centrosophia.eu\/web\/wp-content\/uploads\/2022\/03\/icim-certificato-768x1042.png 768w, https:\/\/www.centrosophia.eu\/web\/wp-content\/uploads\/2022\/03\/icim-certificato-221x300.png 221w, https:\/\/www.centrosophia.eu\/web\/wp-content\/uploads\/2022\/03\/icim-certificato-754x1024.png 754w, https:\/\/www.centrosophia.eu\/web\/wp-content\/uploads\/2022\/03\/icim-certificato-1132x1536.png 1132w, https:\/\/www.centrosophia.eu\/web\/wp-content\/uploads\/2022\/03\/icim-certificato-1509x2048.png 1509w\" sizes=\"(max-width: 768px) 100vw, 768px\" \/>\t\t\t\t\t\t\t\t\t\t\t<\/div>\n\t\t\t\t<\/div>\n\t\t\t\t<\/div>\n\t\t\t\t\t\t<\/div>\n\t\t\t\t\t<\/div>\n\t\t<\/div>\n\t\t\t\t<div class=\"elementor-column elementor-col-33 elementor-top-column elementor-element elementor-element-53c0054\" data-id=\"53c0054\" data-element_type=\"column\">\n\t\t\t<div class=\"elementor-column-wrap\">\n\t\t\t\t\t\t\t<div class=\"elementor-widget-wrap\">\n\t\t\t\t\t\t\t\t<\/div>\n\t\t\t\t\t<\/div>\n\t\t<\/div>\n\t\t\t\t<div class=\"elementor-column elementor-col-33 elementor-top-column elementor-element elementor-element-c97589a\" data-id=\"c97589a\" data-element_type=\"column\">\n\t\t\t<div class=\"elementor-column-wrap elementor-element-populated\">\n\t\t\t\t\t\t\t<div class=\"elementor-widget-wrap\">\n\t\t\t\t\t\t<div class=\"elementor-element elementor-element-728de2c elementor-widget elementor-widget-text-editor\" data-id=\"728de2c\" data-element_type=\"widget\" data-widget_type=\"text-editor.default\">\n\t\t\t\t<div class=\"elementor-widget-container\">\n\t\t\t\t\t<div class=\"elementor-text-editor elementor-clearfix\"><p><span style=\"color: var( --e-global-color-text ); font-family: var( --e-global-typography-text-font-family );\">ICIM Certifica che<\/span>\u00a0il Sistema di Gestione della Qualit\u00e0 del Centro \u00e8 Conforme alla Norma UNI EN ISO 9001-2015<\/p><\/div>\n\t\t\t\t<\/div>\n\t\t\t\t<\/div>\n\t\t\t\t<div class=\"elementor-element elementor-element-9299ec4 elementor-widget elementor-widget-image\" data-id=\"9299ec4\" data-element_type=\"widget\" data-widget_type=\"image.default\">\n\t\t\t\t<div class=\"elementor-widget-container\">\n\t\t\t\t\t<div class=\"elementor-image\">\n\t\t\t\t\t\t\t\t\t\t<img src=\"https:\/\/www.centrosophia.eu\/web\/wp-content\/uploads\/2022\/04\/certificazione.png\" title=\"certificazione\" alt=\"certificazione\" \/>\t\t\t\t\t\t\t\t\t\t\t<\/div>\n\t\t\t\t<\/div>\n\t\t\t\t<\/div>\n\t\t\t\t\t\t<\/div>\n\t\t\t\t\t<\/div>\n\t\t<\/div>\n\t\t\t\t\t\t\t\t<\/div>\n\t\t\t\t\t<\/div>\n\t\t<\/section>\n\t\t\t\t<section class=\"elementor-section elementor-top-section elementor-element elementor-element-4474605 elementor-section-boxed elementor-section-height-default elementor-section-height-default\" data-id=\"4474605\" data-element_type=\"section\">\n\t\t\t\t\t\t<div class=\"elementor-container elementor-column-gap-default\">\n\t\t\t\t\t\t\t<div class=\"elementor-row\">\n\t\t\t\t\t<div class=\"elementor-column elementor-col-100 elementor-top-column elementor-element elementor-element-5c04b43\" data-id=\"5c04b43\" data-element_type=\"column\">\n\t\t\t<div class=\"elementor-column-wrap elementor-element-populated\">\n\t\t\t\t\t\t\t<div class=\"elementor-widget-wrap\">\n\t\t\t\t\t\t<div class=\"elementor-element elementor-element-82ef0fb elementor-widget elementor-widget-heading\" data-id=\"82ef0fb\" data-element_type=\"widget\" data-widget_type=\"heading.default\">\n\t\t\t\t<div class=\"elementor-widget-container\">\n\t\t\t<h2 class=\"elementor-heading-title elementor-size-default\">Compliance<\/h2>\t\t<\/div>\n\t\t\t\t<\/div>\n\t\t\t\t<div class=\"elementor-element elementor-element-2b9ece1 elementor-widget elementor-widget-text-editor\" data-id=\"2b9ece1\" data-element_type=\"widget\" data-widget_type=\"text-editor.default\">\n\t\t\t\t<div class=\"elementor-widget-container\">\n\t\t\t\t\t<div class=\"elementor-text-editor elementor-clearfix\"><p style=\"text-align: center;\">D. Lgs. N. 231\/2001<\/p><p style=\"text-align: justify;\">Il Codice Etico \u00e8 un insieme di impegni e responsabilit\u00e0 etiche, cui sono tenuti ad uniformarsi, nella conduzione degli affari e delle attivit\u00e0 aziendali, gli amministratori, i soci, i dipendenti e terzi interessati.<\/p><\/div>\n\t\t\t\t<\/div>\n\t\t\t\t<\/div>\n\t\t\t\t<div class=\"elementor-element elementor-element-7b80671 elementor-cta--skin-cover elementor-animated-content elementor-bg-transform elementor-bg-transform-zoom-in elementor-widget elementor-widget-call-to-action\" data-id=\"7b80671\" data-element_type=\"widget\" data-widget_type=\"call-to-action.default\">\n\t\t\t\t<div class=\"elementor-widget-container\">\n\t\t\t\t\t<div  class=\"elementor-cta\">\n\t\t\t\t\t<div class=\"elementor-cta__bg-wrapper\">\n\t\t\t\t<div class=\"elementor-cta__bg elementor-bg\" style=\"background-image: url(https:\/\/www.centrosophia.eu\/web\/wp-content\/uploads\/2022\/04\/img_codice_etico-1024x485.png);\"><\/div>\n\t\t\t\t<div class=\"elementor-cta__bg-overlay\"><\/div>\n\t\t\t<\/div>\n\t\t\t\t\t\t\t<div class=\"elementor-cta__content\">\n\t\t\t\t\n\t\t\t\t\t\t\t\t\t<h2 class=\"elementor-cta__title elementor-cta__content-item elementor-content-item elementor-animated-item--grow\">\n\t\t\t\t\t\tIl Codice Etico\t\t\t\t\t<\/h2>\n\t\t\t\t\n\t\t\t\t\t\t\t\t\t<div class=\"elementor-cta__description elementor-cta__content-item elementor-content-item elementor-animated-item--grow\">\n\t\t\t\t\t\tModello di Organizzazione, Gestione e Controllo, ai Sensi del D. Lgs. n. 231\/2001\t\t\t\t\t<\/div>\n\t\t\t\t\n\t\t\t\t\t\t\t\t\t<div class=\"elementor-cta__button-wrapper elementor-cta__content-item elementor-content-item elementor-animated-item--grow\">\n\t\t\t\t\t<a class=\"elementor-cta__button elementor-button elementor-size-sm\" href=\"https:\/\/centrosophia.eu\/download\/ce.pdf\" target=\"_blank\">\n\t\t\t\t\t\t..Scarica il File\t\t\t\t\t<\/a>\n\t\t\t\t\t<\/div>\n\t\t\t\t\t\t\t<\/div>\n\t\t\t\t\t\t<\/div>\n\t\t\t\t<\/div>\n\t\t\t\t<\/div>\n\t\t\t\t\t\t<\/div>\n\t\t\t\t\t<\/div>\n\t\t<\/div>\n\t\t\t\t\t\t\t\t<\/div>\n\t\t\t\t\t<\/div>\n\t\t<\/section>\n\t\t\t\t\t\t<\/div>\n\t\t\t\t\t\t<\/div>\n\t\t\t\t\t<\/div>\n\t\t","protected":false},"excerpt":{"rendered":"<p>ICIM Certifica che\u00a0il Sistema di Gestione della Qualit\u00e0 del Centro \u00e8 Conforme alla Norma UNI EN ISO 9001-2015 Compliance D. Lgs. N. 231\/2001 Il Codice Etico \u00e8 un insieme di impegni e responsabilit\u00e0 etiche, cui sono tenuti ad uniformarsi, nella conduzione degli affari e delle attivit\u00e0 aziendali, gli amministratori, i soci, i dipendenti e terzi interessati. Il Codice Etico Modello di Organizzazione, Gestione e Controllo, ai Sensi del D. Lgs. n. 231\/2001 ..Scarica il File<\/p>\n","protected":false},"author":1,"featured_media":0,"parent":0,"menu_order":0,"comment_status":"closed","ping_status":"closed","template":"","meta":[],"_links":{"self":[{"href":"https:\/\/www.centrosophia.eu\/web\/index.php\/wp-json\/wp\/v2\/pages\/348"}],"collection":[{"href":"https:\/\/www.centrosophia.eu\/web\/index.php\/wp-json\/wp\/v2\/pages"}],"about":[{"href":"https:\/\/www.centrosophia.eu\/web\/index.php\/wp-json\/wp\/v2\/types\/page"}],"author":[{"embeddable":true,"href":"https:\/\/www.centrosophia.eu\/web\/index.php\/wp-json\/wp\/v2\/users\/1"}],"replies":[{"embeddable":true,"href":"https:\/\/www.centrosophia.eu\/web\/index.php\/wp-json\/wp\/v2\/comments?post=348"}],"version-history":[{"count":24,"href":"https:\/\/www.centrosophia.eu\/web\/index.php\/wp-json\/wp\/v2\/pages\/348\/revisions"}],"predecessor-version":[{"id":885,"href":"https:\/\/www.centrosophia.eu\/web\/index.php\/wp-json\/wp\/v2\/pages\/348\/revisions\/885"}],"wp:attachment":[{"href":"https:\/\/www.centrosophia.eu\/web\/index.php\/wp-json\/wp\/v2\/media?parent=348"}],"curies":[{"name":"wp","href":"https:\/\/api.w.org\/{rel}","templated":true}]}}